{"id":2025,"date":"2026-03-09T14:54:40","date_gmt":"2026-03-09T13:54:40","guid":{"rendered":"https:\/\/sceidoperfume.com\/prodotto\/hypnotic-poison\/"},"modified":"2026-03-09T14:54:40","modified_gmt":"2026-03-09T13:54:40","slug":"hypnotic-poison","status":"publish","type":"product","link":"https:\/\/sceidoperfume.com\/fr\/produit\/hypnotic-poison\/","title":{"rendered":"Hypnotic Poison"},"content":{"rendered":"<p>Eau de Toilette pratiquement neuve avec bo\u00eete, tr\u00e8s peu utilis\u00e9e.<\/p>\n","protected":false},"excerpt":{"rendered":"<p>Eau de Toilette pratiquement neuve avec bo\u00eete, tr\u00e8s peu utilis\u00e9e.<\/p>\n","protected":false},"featured_media":2024,"comment_status":"open","ping_status":"closed","template":"","meta":{"_acf_changed":false,"advanced_seo_description":"","jetpack_seo_html_title":"","jetpack_seo_noindex":false},"product_brand":[1384],"product_cat":[1562],"product_tag":[],"class_list":{"0":"post-2025","1":"product","2":"type-product","3":"status-publish","4":"has-post-thumbnail","6":"product_brand-dior","7":"product_cat-tendance","9":"first","10":"instock","11":"shipping-taxable","12":"purchasable","13":"product-type-simple"},"acf":[],"jetpack_sharing_enabled":true,"_links":{"self":[{"href":"https:\/\/sceidoperfume.com\/fr\/wp-json\/wp\/v2\/product\/2025","targetHints":{"allow":["GET"]}}],"collection":[{"href":"https:\/\/sceidoperfume.com\/fr\/wp-json\/wp\/v2\/product"}],"about":[{"href":"https:\/\/sceidoperfume.com\/fr\/wp-json\/wp\/v2\/types\/product"}],"replies":[{"embeddable":true,"href":"https:\/\/sceidoperfume.com\/fr\/wp-json\/wp\/v2\/comments?post=2025"}],"wp:featuredmedia":[{"embeddable":true,"href":"https:\/\/sceidoperfume.com\/fr\/wp-json\/wp\/v2\/media\/2024"}],"wp:attachment":[{"href":"https:\/\/sceidoperfume.com\/fr\/wp-json\/wp\/v2\/media?parent=2025"}],"wp:term":[{"taxonomy":"product_brand","embeddable":true,"href":"https:\/\/sceidoperfume.com\/fr\/wp-json\/wp\/v2\/product_brand?post=2025"},{"taxonomy":"product_cat","embeddable":true,"href":"https:\/\/sceidoperfume.com\/fr\/wp-json\/wp\/v2\/product_cat?post=2025"},{"taxonomy":"product_tag","embeddable":true,"href":"https:\/\/sceidoperfume.com\/fr\/wp-json\/wp\/v2\/product_tag?post=2025"}],"curies":[{"name":"wp","href":"https:\/\/api.w.org\/{rel}","templated":true}]}}