{"id":1597,"date":"2026-01-20T15:38:14","date_gmt":"2026-01-20T14:38:14","guid":{"rendered":"https:\/\/sceidoperfume.com\/prodotto\/acqua-di-gio-giorgio-armani\/"},"modified":"2026-01-20T15:38:14","modified_gmt":"2026-01-20T14:38:14","slug":"acqua-di-gio-giorgio-armani","status":"publish","type":"product","link":"https:\/\/sceidoperfume.com\/fr\/produit\/acqua-di-gio-giorgio-armani\/","title":{"rendered":"Acqua di Gi\u00f2 &#8211; Giorgio Armani"},"content":{"rendered":"<p>Giorgio Armani Acqua di Gi\u00f2<br \/>\nFormat 50ml<br \/>Vintage ann\u00e9es 1990<br \/>avec bo\u00eete d&#8217;origine<\/p>\n","protected":false},"excerpt":{"rendered":"<p>Giorgio Armani Acqua di Gi\u00f2 Format 50mlVintage ann\u00e9es 1990avec bo\u00eete d&#8217;origine<\/p>\n","protected":false},"featured_media":1581,"comment_status":"open","ping_status":"closed","template":"","meta":{"_acf_changed":false,"advanced_seo_description":"","jetpack_seo_html_title":"","jetpack_seo_noindex":false},"product_brand":[],"product_cat":[1563,1569],"product_tag":[1848,1849],"class_list":{"0":"post-1597","1":"product","2":"type-product","3":"status-publish","4":"has-post-thumbnail","6":"product_cat-highlights","7":"product_cat-vintage","8":"product_tag-acqua-gio","9":"product_tag-armani","11":"first","12":"instock","13":"sold-individually","14":"shipping-taxable","15":"purchasable","16":"product-type-simple"},"acf":[],"jetpack_sharing_enabled":true,"_links":{"self":[{"href":"https:\/\/sceidoperfume.com\/fr\/wp-json\/wp\/v2\/product\/1597","targetHints":{"allow":["GET"]}}],"collection":[{"href":"https:\/\/sceidoperfume.com\/fr\/wp-json\/wp\/v2\/product"}],"about":[{"href":"https:\/\/sceidoperfume.com\/fr\/wp-json\/wp\/v2\/types\/product"}],"replies":[{"embeddable":true,"href":"https:\/\/sceidoperfume.com\/fr\/wp-json\/wp\/v2\/comments?post=1597"}],"wp:featuredmedia":[{"embeddable":true,"href":"https:\/\/sceidoperfume.com\/fr\/wp-json\/wp\/v2\/media\/1581"}],"wp:attachment":[{"href":"https:\/\/sceidoperfume.com\/fr\/wp-json\/wp\/v2\/media?parent=1597"}],"wp:term":[{"taxonomy":"product_brand","embeddable":true,"href":"https:\/\/sceidoperfume.com\/fr\/wp-json\/wp\/v2\/product_brand?post=1597"},{"taxonomy":"product_cat","embeddable":true,"href":"https:\/\/sceidoperfume.com\/fr\/wp-json\/wp\/v2\/product_cat?post=1597"},{"taxonomy":"product_tag","embeddable":true,"href":"https:\/\/sceidoperfume.com\/fr\/wp-json\/wp\/v2\/product_tag?post=1597"}],"curies":[{"name":"wp","href":"https:\/\/api.w.org\/{rel}","templated":true}]}}