{"id":1586,"date":"2026-01-20T15:23:00","date_gmt":"2026-01-20T14:23:00","guid":{"rendered":"https:\/\/sceidoperfume.com\/prodotto\/3-format-voyage-byredo\/"},"modified":"2026-01-21T13:50:40","modified_gmt":"2026-01-21T12:50:40","slug":"3-format-voyage-byredo","status":"publish","type":"product","link":"https:\/\/sceidoperfume.com\/fr\/produit\/3-format-voyage-byredo\/","title":{"rendered":"3 Format voyage Byredo"},"content":{"rendered":"<p>Byredo set format voyage<\/p>\n<p class=\"product-title h4\">S\u00c9L\u00c9CTION BOIS\u00c9E EAU DE PARFUM 3X12ML:<br \/>\n&#8211; Black Saffron<br \/>\n&#8211; Mojave Ghost<br \/>\n&#8211; Super Cedar<\/p>\n","protected":false},"excerpt":{"rendered":"<p>Byredo set format voyage S\u00c9L\u00c9CTION BOIS\u00c9E EAU DE PARFUM 3X12ML: &#8211; Black Saffron &#8211; Mojave Ghost &#8211; Super Cedar<\/p>\n","protected":false},"featured_media":1587,"comment_status":"open","ping_status":"closed","template":"","meta":{"_acf_changed":false,"advanced_seo_description":"","jetpack_seo_html_title":"","jetpack_seo_noindex":false},"product_brand":[1404],"product_cat":[1814,1562],"product_tag":[1840],"class_list":{"0":"post-1586","1":"product","2":"type-product","3":"status-publish","4":"has-post-thumbnail","6":"product_brand-byredo","7":"product_cat-format-mini","8":"product_cat-tendance","9":"product_tag-byredo","11":"first","12":"instock","13":"sold-individually","14":"shipping-taxable","15":"purchasable","16":"product-type-simple"},"acf":[],"jetpack_sharing_enabled":true,"_links":{"self":[{"href":"https:\/\/sceidoperfume.com\/fr\/wp-json\/wp\/v2\/product\/1586","targetHints":{"allow":["GET"]}}],"collection":[{"href":"https:\/\/sceidoperfume.com\/fr\/wp-json\/wp\/v2\/product"}],"about":[{"href":"https:\/\/sceidoperfume.com\/fr\/wp-json\/wp\/v2\/types\/product"}],"replies":[{"embeddable":true,"href":"https:\/\/sceidoperfume.com\/fr\/wp-json\/wp\/v2\/comments?post=1586"}],"wp:featuredmedia":[{"embeddable":true,"href":"https:\/\/sceidoperfume.com\/fr\/wp-json\/wp\/v2\/media\/1587"}],"wp:attachment":[{"href":"https:\/\/sceidoperfume.com\/fr\/wp-json\/wp\/v2\/media?parent=1586"}],"wp:term":[{"taxonomy":"product_brand","embeddable":true,"href":"https:\/\/sceidoperfume.com\/fr\/wp-json\/wp\/v2\/product_brand?post=1586"},{"taxonomy":"product_cat","embeddable":true,"href":"https:\/\/sceidoperfume.com\/fr\/wp-json\/wp\/v2\/product_cat?post=1586"},{"taxonomy":"product_tag","embeddable":true,"href":"https:\/\/sceidoperfume.com\/fr\/wp-json\/wp\/v2\/product_tag?post=1586"}],"curies":[{"name":"wp","href":"https:\/\/api.w.org\/{rel}","templated":true}]}}