{"id":958,"date":"2025-10-17T17:40:49","date_gmt":"2025-10-17T15:40:49","guid":{"rendered":"https:\/\/sceidoperfume.com\/comment-fonctionne-sceido\/"},"modified":"2026-01-29T11:31:10","modified_gmt":"2026-01-29T10:31:10","slug":"comment-fonctionne-sceido","status":"publish","type":"page","link":"https:\/\/sceidoperfume.com\/fr\/comment-fonctionne-sceido\/","title":{"rendered":"Comment fonctionne Sceido ?"},"content":{"rendered":"\n<div class=\"wp-block-group alignwide is-layout-constrained wp-block-group-is-layout-constrained\">\n<p>L&#8217;objectif de Sceido est d&#8217;\u00eatre une plateforme de transition facile \u00e0 utiliser, tant pour ceux qui veulent vendre que pour ceux qui veulent acheter.<br\/><br\/>&#8211; <strong>INSCRIPTION AU COMPTE<\/strong> : Tous les utilisateurs souhaitant vendre ou acheter doivent s\u2019inscrire sur la plateforme, cr\u00e9er leur propre compte et profil en saisissant leurs informations personnelles, leur mot de passe, leur adresse et leurs coordonn\u00e9es \u00e9lectroniques.<br\/><br\/>\u2013 <strong>PUBLICATION D&#8217;ANNONCES DE VENTE<\/strong> : Tout utilisateur peut publier une ou plusieurs annonces de vente. Dans la section d\u00e9di\u00e9e, les utilisateurs doivent ajouter des photos nettes de l&#8217;article (au moins trois) et, le cas \u00e9ch\u00e9ant, de son emballage d&#8217;origine. Fournissez une description d\u00e9taill\u00e9e et exacte de l&#8217;article, en pr\u00e9cisant s&#8217;il est neuf et non ouvert. Les annonces doivent respecter les conditions de vente et \u00eatre v\u00e9rifi\u00e9es par Sceido avant publication.<br\/>Pour plus d&#8217;informations sur la proc\u00e9dure de vente, consultez la section \u00ab <a href=\"https:\/\/sceidoperfume.com\/fr\/comment-vendre-et-acheter-sur-sceido\/\">Achat et vente <\/a>\u00bb.   <br\/><br\/>&#8211; <strong>CE QUI PEUT \u00caTRE VENDU SUR SCEIDO<\/strong> : Seuls les parfums neufs et d&#8217;occasion peuvent \u00eatre vendus sur Sceido entre particuliers. Certaines conditions doivent cependant \u00eatre remplies. Conditions de vente :   <\/p>\n\n\n\n<ul class=\"wp-block-list\">\n<li>La description et les informations fournies par le client sont coh\u00e9rentes et correctes.<\/li>\n\n\n\n<li>L&#8217;emballage des produits d\u00e9clar\u00e9s neufs est intact, non ouvert et non endommag\u00e9.<\/li>\n\n\n\n<li>Pour les produits d&#8217;occasion, la limite de consommation doit \u00eatre au maximum de 80 % pour les produits normaux ou tendance ou les formats niche ou mini.<br\/>Pour plus d&#8217;informations sur les conditions g\u00e9n\u00e9rales de vente, consultez la rubrique <a href=\"https:\/\/sceidoperfume.com\/fr\/termes-et-conditions\/\">Conditions g\u00e9n\u00e9rales.<\/a><\/li>\n<\/ul>\n\n\n\n<p>&#8211; <strong>PROC\u00c9DURE DE V\u00c9RIFICATION ET DE CONTR\u00d4LE DES ANNONCES<\/strong> : Sceido effectue une \u00e9valuation pr\u00e9alable de l\u2019annonce afin de v\u00e9rifier l\u2019exactitude et la v\u00e9racit\u00e9 des images et des informations qu\u2019elle contient, ainsi que sa conformit\u00e9 aux conditions g\u00e9n\u00e9rales de vente. Dans les 24 heures suivant la publication de l\u2019annonce, Sceido envoie une notification par courriel et via le profil de l\u2019utilisateur sur le site, confirmant ainsi sa publication ou sa suppression.<br\/>Pour plus d\u2019informations, consultez la section \u00ab <a href=\"https:\/\/sceidoperfume.com\/servizio-di-verifica-e-categorizzazione\/\">Services de v\u00e9rification et <\/a><a href=\"https:\/\/sceidoperfume.com\/fr\/service-de-verification-et-de-protection\/\" data-type=\"page\" data-id=\"93\">de<\/a> <a href=\"https:\/\/sceidoperfume.com\/servizio-di-verifica-e-categorizzazione\/\">protection <\/a>\u00bb. <br\/><br\/>&#8211; <strong>PROC\u00c9DURE DE CLASSEMENT DES PRODUITS<\/strong> : les produits plac\u00e9s sur le site seront class\u00e9s par Sceido dans diff\u00e9rentes cat\u00e9gories, sur la base des caract\u00e9ristiques saisies et v\u00e9rifi\u00e9es. Les cat\u00e9gories sont les suivantes : nouveau, tendance, niche, vintage, mini format. <br\/><br\/>\u2013 <strong>ACHAT<\/strong> : Les utilisateurs peuvent consulter le catalogue ou le flux pour voir tous les produits en vente. Une fois l\u2019article souhait\u00e9 trouv\u00e9, ils peuvent l\u2019acheter directement et proc\u00e9der au paiement.<br\/>Pour plus d\u2019informations sur la vente, consultez la section \u00ab <a href=\"https:\/\/sceidoperfume.com\/fr\/comment-vendre-et-acheter-sur-sceido\/\" data-type=\"page\" data-id=\"92\">Comment vendre et acheter<\/a> \u00bb. <\/p>\n\n\n\n<p>\u2013 <strong>PAIEMENT ET RETOUR DES SERVICES ANNEXES<\/strong> : Vous pouvez choisir parmi diff\u00e9rents modes de paiement : cartes de cr\u00e9dit\/d\u00e9bit valides, Apple Pay et Google Pay. Pour chaque transaction, l\u2019acheteur paie un prix total comprenant :<br\/>&#8211; le prix de l\u2019article convenu avec le vendeur ;<br\/>&#8211; les frais de livraison ;<br\/>&#8211; le service d\u2019interm\u00e9diation et la protection des achats Sceido ;<br\/>&#8211; les frais des services optionnels (le cas \u00e9ch\u00e9ant) ;<br\/>&#8211; les taxes applicables.<br\/>Si le vendeur demande des services suppl\u00e9mentaires, il doit \u00e9galement les r\u00e9gler en utilisant les modes de paiement indiqu\u00e9s.<br\/>Pour plus d\u2019informations, consultez la section \u00ab <a href=\"https:\/\/sceidoperfume.com\/fr\/couts-et-services-pro\/\" data-type=\"page\" data-id=\"57\">Co\u00fbts et services<\/a> \u00bb. <\/p>\n\n\n\n<p>\u2013 <strong>EXP\u00c9DITION<\/strong> : Les vendeurs peuvent choisir parmi les options d\u2019exp\u00e9dition propos\u00e9es par Sceido et recevoir une \u00e9tiquette d\u2019exp\u00e9dition par e-mail.<br\/>Les vendeurs disposent de 5 jours ouvrables pour exp\u00e9dier l\u2019article. La livraison prend g\u00e9n\u00e9ralement entre 5 et 7 jours ouvrables pour l\u2019Europe. Dans la plupart des cas, vous pouvez suivre votre colis dans le suivi de votre commande.  <\/p>\n\n\n\n<p>&#8211; <strong>SERVICES COMMUNAUTAIRES<\/strong> : L&#8217;un des objectifs de SCEIDO est de cr\u00e9er et de stimuler une communaut\u00e9 active et impliqu\u00e9e dans l&#8217;industrie. Par cons\u00e9quent, les utilisateurs peuvent \u00e9valuer les r\u00e9actions aux annonces, donner leur avis sur les transactions effectu\u00e9es et sur les vendeurs. <\/p>\n\n\n\n<p>\u2013 Politiques de retour, de remboursement, de signalement des pratiques ill\u00e9gales ou mensong\u00e8res, de v\u00e9rification, de surveillance et de r\u00e9paration. Consultez les <a href=\"https:\/\/sceidoperfume.com\/fr\/termes-et-conditions\/\">Conditions g\u00e9n\u00e9rales<\/a> et le <a href=\"https:\/\/sceidoperfume.com\/fr\/centre-daide\/\">Centre d&#8217;aide<\/a>. <\/p>\n<\/div>\n","protected":false},"excerpt":{"rendered":"<p>L&#8217;objectif de Sceido est d&#8217;\u00eatre une plateforme de transition facile \u00e0 utiliser, tant pour ceux qui veulent vendre que pour ceux qui veulent acheter. &#8211; INSCRIPTION AU COMPTE : Tous les utilisateurs souhaitant vendre ou acheter doivent s\u2019inscrire sur la plateforme, cr\u00e9er leur propre compte et profil en saisissant leurs informations personnelles, leur mot de passe, leur adresse et leurs &#8230;<\/p>\n","protected":false},"author":204995318,"featured_media":0,"parent":0,"menu_order":0,"comment_status":"closed","ping_status":"closed","template":"","meta":{"_acf_changed":false,"advanced_seo_description":"","jetpack_seo_html_title":"","jetpack_seo_noindex":false,"footnotes":"","big_sky_generated":false},"class_list":["post-958","page","type-page","status-publish","hentry"],"acf":[],"jetpack_shortlink":"https:\/\/wp.me\/PgNyFT-fs","jetpack_sharing_enabled":true,"_links":{"self":[{"href":"https:\/\/sceidoperfume.com\/fr\/wp-json\/wp\/v2\/pages\/958","targetHints":{"allow":["GET"]}}],"collection":[{"href":"https:\/\/sceidoperfume.com\/fr\/wp-json\/wp\/v2\/pages"}],"about":[{"href":"https:\/\/sceidoperfume.com\/fr\/wp-json\/wp\/v2\/types\/page"}],"author":[{"embeddable":true,"href":"https:\/\/sceidoperfume.com\/fr\/wp-json\/wp\/v2\/users\/204995318"}],"replies":[{"embeddable":true,"href":"https:\/\/sceidoperfume.com\/fr\/wp-json\/wp\/v2\/comments?post=958"}],"version-history":[{"count":8,"href":"https:\/\/sceidoperfume.com\/fr\/wp-json\/wp\/v2\/pages\/958\/revisions"}],"predecessor-version":[{"id":1697,"href":"https:\/\/sceidoperfume.com\/fr\/wp-json\/wp\/v2\/pages\/958\/revisions\/1697"}],"wp:attachment":[{"href":"https:\/\/sceidoperfume.com\/fr\/wp-json\/wp\/v2\/media?parent=958"}],"curies":[{"name":"wp","href":"https:\/\/api.w.org\/{rel}","templated":true}]}}