{"id":900,"date":"2025-10-17T15:19:16","date_gmt":"2025-10-17T13:19:16","guid":{"rendered":"https:\/\/sceidoperfume.com\/quest-ce-que-sceido\/"},"modified":"2025-12-01T16:06:53","modified_gmt":"2025-12-01T15:06:53","slug":"quest-ce-que-sceido","status":"publish","type":"page","link":"https:\/\/sceidoperfume.com\/fr\/quest-ce-que-sceido\/","title":{"rendered":"Qu&#8217;est-ce que Sceido ?"},"content":{"rendered":"\n<div class=\"wp-block-columns alignfull has-background is-layout-flex wp-container-core-columns-is-layout-4f531b1f wp-block-columns-is-layout-flex\" style=\"background-color:#f9f7f5;padding-bottom:2%\">\n<div class=\"wp-block-column is-vertically-aligned-center is-layout-flow wp-block-column-is-layout-flow\" style=\"flex-basis:43%\">\n<figure class=\"wp-block-image size-full\"><img data-recalc-dims=\"1\" loading=\"lazy\" decoding=\"async\" width=\"512\" height=\"512\" src=\"https:\/\/i0.wp.com\/sceidoperfume.com\/wp-content\/uploads\/2025\/09\/cropped-Sceido-Logo-1.png?resize=512%2C512&#038;ssl=1\" alt=\"\" class=\"wp-image-138\" srcset=\"https:\/\/i0.wp.com\/sceidoperfume.com\/wp-content\/uploads\/2025\/09\/cropped-Sceido-Logo-1.png?w=512&amp;ssl=1 512w, https:\/\/i0.wp.com\/sceidoperfume.com\/wp-content\/uploads\/2025\/09\/cropped-Sceido-Logo-1.png?resize=300%2C300&amp;ssl=1 300w, https:\/\/i0.wp.com\/sceidoperfume.com\/wp-content\/uploads\/2025\/09\/cropped-Sceido-Logo-1.png?resize=150%2C150&amp;ssl=1 150w, https:\/\/i0.wp.com\/sceidoperfume.com\/wp-content\/uploads\/2025\/09\/cropped-Sceido-Logo-1.png?resize=450%2C450&amp;ssl=1 450w, https:\/\/i0.wp.com\/sceidoperfume.com\/wp-content\/uploads\/2025\/09\/cropped-Sceido-Logo-1.png?resize=100%2C100&amp;ssl=1 100w, https:\/\/i0.wp.com\/sceidoperfume.com\/wp-content\/uploads\/2025\/09\/cropped-Sceido-Logo-1.png?resize=270%2C270&amp;ssl=1 270w, https:\/\/i0.wp.com\/sceidoperfume.com\/wp-content\/uploads\/2025\/09\/cropped-Sceido-Logo-1.png?resize=192%2C192&amp;ssl=1 192w, https:\/\/i0.wp.com\/sceidoperfume.com\/wp-content\/uploads\/2025\/09\/cropped-Sceido-Logo-1.png?resize=180%2C180&amp;ssl=1 180w, https:\/\/i0.wp.com\/sceidoperfume.com\/wp-content\/uploads\/2025\/09\/cropped-Sceido-Logo-1.png?resize=32%2C32&amp;ssl=1 32w\" sizes=\"auto, (max-width: 512px) 100vw, 512px\" \/><\/figure>\n<\/div>\n\n\n\n<div class=\"wp-block-column is-vertically-aligned-center is-layout-flow wp-block-column-is-layout-flow\">\n<div class=\"wp-block-group is-layout-flow wp-block-group-is-layout-flow\" style=\"padding-top:15%;padding-right:10%;padding-bottom:15%;padding-left:15%\">\n<p class=\"has-black-color has-text-color\" style=\"font-size:29px;font-style:normal;font-weight:500;line-height:1.4\"><strong>Sceido est la premi\u00e8re plateforme europ\u00e9enne<\/strong> <strong>d\u00e9di\u00e9e aux parfums d&#8217;occasion.<\/strong><\/p>\n\n\n\n<p class=\"has-black-color has-text-color has-medium-font-size\">Sceido permet aux particuliers d&#8217;effectuer des transactions et de vendre des parfums d&#8217;occasion de mani\u00e8re s\u00fbre et pratique.<br\/><\/p>\n<\/div>\n<\/div>\n<\/div>\n\n<div class=\"wp-block-group alignwide is-layout-constrained wp-block-group-is-layout-constrained\">\n<div class=\"wp-block-columns alignwide is-layout-flex wp-container-core-columns-is-layout-28f84493 wp-block-columns-is-layout-flex\">\n<div class=\"wp-block-column is-layout-flow wp-block-column-is-layout-flow\">\n<h3 class=\"wp-block-heading has-huge-font-size\">Notre id\u00e9e<\/h3>\n\n\n\n<p>Dans le march\u00e9 entre particuliers, Sceido offre une plateforme permettant d&#8217;acheter et de vendre directement des parfums personnels, \u00e9liminant ainsi les interm\u00e9diaires et garantissant des prix plus comp\u00e9titifs.<br\/>La plateforme assure \u00e9galement la protection des acheteurs et propose des options de paiement s\u00e9curis\u00e9es pour une exp\u00e9rience d&#8217;achat s\u00fbre et transparente. Sceido r\u00e9pond \u00e0 deux besoins cl\u00e9s des consommateurs :<br\/>1. Vous poss\u00e9dez des parfums que vous n&#8217;utilisez pas ou que vous n&#8217;aimez pas et vous ne savez pas quoi en faire ? Sceido vous offre la possibilit\u00e9 de les vendre \u00e0 d&#8217;autres particuliers, leur permettant ainsi de gagner de l&#8217;argent et r\u00e9pondant aux besoins de leur public cible, tout en leur offrant la possibilit\u00e9 d&#8217;acheter des produits d&#8217;occasion.<br\/>2. Vous recherchez un parfum particulier, peut-\u00eatre en rupture de stock ou vintage, ou votre parfum pr\u00e9f\u00e9r\u00e9 \u00e0 un prix plus abordable ? Sceido vous permet de trouver plus facilement et \u00e0 un prix plus avantageux le parfum que vous recherchez, en l&#8217;achetant rapidement et en toute s\u00e9curit\u00e9.  <\/p>\n<\/div>\n\n\n\n<div class=\"wp-block-column is-layout-flow wp-block-column-is-layout-flow\">\n<h3 class=\"wp-block-heading has-huge-font-size\">Notre mission<\/h3>\n\n\n\n<p>Notre mission est de permettre aux utilisateurs d&#8217;acheter, de vendre et d&#8217;explorer l&#8217;univers du parfum facilement et durablement.<br\/>Notre mission est d&#8217;offrir aux parfums une dur\u00e9e de vie maximale.<br\/>Notre mission est de permettre \u00e0 chacun d&#8217;acheter et de vendre des parfums neufs et d&#8217;occasion, en cr\u00e9ant une communaut\u00e9 durable et inclusive.<br\/>Gr\u00e2ce \u00e0 notre plateforme, nous visons \u00e0 promouvoir une \u00e9conomie circulaire en prolongeant le cycle de vie des parfums et en r\u00e9duisant les d\u00e9chets. En facilitant l&#8217;\u00e9change de produits d&#8217;occasion, nous encourageons nos utilisateurs \u00e0 adopter une consommation plus responsable.<br\/>Les \u00e9l\u00e9ments cl\u00e9s de notre mission sont les suivants :<br\/>\u2013 Encourager les gens \u00e0 d\u00e9sencombrer leur int\u00e9rieur et \u00e0 gagner de l&#8217;argent avec leurs parfums inutilis\u00e9s<br\/>\u2013 Proposer un march\u00e9 diversifi\u00e9 et inclusif o\u00f9 chacun peut trouver des pi\u00e8ces uniques et abordables<br\/>\u2013 Garantir un environnement s\u00e9curis\u00e9 pour les ventes et les \u00e9changes entre particuliers<br\/>\u2013 Favoriser un esprit de communaut\u00e9 parmi nos utilisateurs en encourageant les \u00e9changes et les collaborations autour de centres d&#8217;int\u00e9r\u00eat communs.  <\/p>\n<\/div>\n<\/div>\n<\/div>\n\n<div class=\"wp-block-group alignwide is-layout-constrained wp-block-group-is-layout-constrained\">\n<div class=\"wp-block-columns alignwide is-layout-flex wp-container-core-columns-is-layout-28f84493 wp-block-columns-is-layout-flex\">\n<div class=\"wp-block-column is-vertically-aligned-stretch is-layout-flow wp-block-column-is-layout-flow\">\n<h3 class=\"wp-block-heading has-huge-font-size\">Nos valeurs et notre vision<\/h3>\n\n\n\n<p>Chez Sceido, notre vision est de cr\u00e9er un monde o\u00f9 l&#8217;opportunit\u00e9 est la priorit\u00e9.<br\/>Nous croyons en un avenir durable o\u00f9 l&#8217;industrie du parfum est circulaire et o\u00f9 chacun a un acc\u00e8s simple et abordable \u00e0 la parfumerie.<br\/>Notre objectif est de permettre \u00e0 chacun d&#8217;acheter et de vendre des articles d&#8217;occasion ou neufs, qui pourraient \u00eatre les pr\u00e9f\u00e9r\u00e9s de quelqu&#8217;un d&#8217;autre, de r\u00e9duire les d\u00e9chets et de promouvoir une consommation plus responsable de produits comme le parfum.<br\/>Nous voulons encourager l&#8217;achat d&#8217;un parfum de seconde main comme moyen d&#8217;exprimer son individualit\u00e9 et sa cr\u00e9ativit\u00e9.<br\/>Nous d\u00e9fendons les valeurs fondamentales de communaut\u00e9, de passion, de confiance, de durabilit\u00e9 et d&#8217;innovation, et nous nous effor\u00e7ons de cr\u00e9er une plateforme o\u00f9 chaque interaction repose sur ces piliers.<\/p>\n<\/div>\n\n\n\n<div class=\"wp-block-column is-vertically-aligned-stretch is-layout-flow wp-block-column-is-layout-flow\">\n<h3 class=\"wp-block-heading has-huge-font-size\">Efficacit\u00e9, facilit\u00e9 d&#8217;utilisation, soin<\/h3>\n\n\n\n<p>Sceido propose une plateforme num\u00e9rique qui simplifie, optimise et rend plus conviviale l&#8217;achat et la vente de parfums.<br\/>Le service permet aux utilisateurs de photographier leurs parfums en quelques \u00e9tapes, de les ajouter \u00e0 la plateforme et de les mettre rapidement en vente, sous r\u00e9serve de v\u00e9rification et de confirmation de publication.<br\/>Les utilisateurs peuvent \u00e9galement rechercher, parcourir et acheter des parfums de tous types en quelques clics.<br\/>Ainsi, l&#8217;achat et la vente de parfums deviennent rapides et pratiques.<br\/>Le service client, le processus de vente, de recherche et d&#8217;achat, ainsi que la qualit\u00e9 des transactions sont des priorit\u00e9s pour Sceido. C&#8217;est pourquoi l&#8217;entreprise v\u00e9rifie la qualit\u00e9 des produits propos\u00e9s \u00e0 la vente et les classe par cat\u00e9gories (nouveaut\u00e9s, collection, tendances, niche, vintage, mini-formats, etc.). Elle offre \u00e9galement un service de protection des exp\u00e9ditions et des paiements.<\/p>\n<\/div>\n<\/div>\n<\/div>\n\n<div class=\"wp-block-group alignwide is-layout-constrained wp-block-group-is-layout-constrained\">\n<ul class=\"wp-block-list\">\n<li><strong>Innovation et technologie<\/strong> : L\u2019un des piliers de notre concept est l\u2019utilisation de la technologie pour optimiser l\u2019exp\u00e9rience utilisateur. Notre objectif est de cr\u00e9er une exp\u00e9rience d\u2019achat \u00e0 la fois agr\u00e9able et efficace. De plus, nous explorons constamment de nouvelles pistes pour am\u00e9liorer notre plateforme et rester \u00e0 la pointe de l\u2019innovation. Nous cherchons sans cesse \u00e0 repousser les limites du possible dans les secteurs de la consommation et du commerce de d\u00e9tail.   <\/li>\n<\/ul>\n\n\n\n<ul class=\"wp-block-list\">\n<li><strong>D\u00e9veloppement durable<\/strong> : Nous nous engageons \u00e0 promouvoir des pratiques d\u2019achat et d\u2019utilisation durables et \u00e0 r\u00e9duire les d\u00e9chets dans le secteur. Nous encourageons notre communaut\u00e9 \u00e0 acheter et \u00e0 vendre des articles d\u2019occasion ou neufs, prolongeant ainsi le cycle de vie du parfum. <\/li>\n<\/ul>\n\n\n\n<ul class=\"wp-block-list\">\n<li><strong>Transparence<\/strong> : Nous croyons en la transparence dans tous les aspects de nos activit\u00e9s. Nous sommes ouverts et honn\u00eates avec notre communaut\u00e9 et nos partenaires, ce qui favorise la confiance et la responsabilit\u00e9. <\/li>\n<\/ul>\n\n\n\n<ul class=\"wp-block-list\">\n<li><strong>Responsabilit\u00e9 de l&#8217;utilisateur<\/strong> : Nous donnons \u00e0 nos utilisateurs les moyens de ma\u00eetriser leur exp\u00e9rience d&#8217;achat en leur fournissant une plateforme o\u00f9 ils peuvent facilement acheter et vendre des articles.<\/li>\n<\/ul>\n\n\n\n<ul class=\"wp-block-list\">\n<li><strong>Am\u00e9lioration continue<\/strong> : Nous nous effor\u00e7ons constamment de nous am\u00e9liorer et d&#8217;innover. Vos commentaires sont les bienvenus et nous cherchons activement \u00e0 optimiser l&#8217;exp\u00e9rience de nos utilisateurs. Nous sommes engag\u00e9s dans une d\u00e9marche d&#8217;apprentissage et de d\u00e9veloppement continus. Gr\u00e2ce \u00e0 nos clients et avec eux, nous cr\u00e9ons une exp\u00e9rience unique et innovante et visons l&#8217;am\u00e9lioration continue, afin d&#8217;offrir un service et une plateforme en ligne simples, fiables et attrayants, tant pour les vendeurs que pour les acheteurs \u00e0 la recherche de leur parfum pr\u00e9f\u00e9r\u00e9 ou d&#8217;un objet de collection unique.    <\/li>\n<\/ul>\n<\/div>\n\n<div class=\"wp-block-group alignfull has-background is-layout-constrained wp-block-group-is-layout-constrained\" style=\"background-color:#f9f7f5;padding-top:13vh;padding-bottom:13vh\">\n<div class=\"wp-block-columns is-layout-flex wp-container-core-columns-is-layout-28f84493 wp-block-columns-is-layout-flex\">\n<div class=\"wp-block-column is-layout-flow wp-block-column-is-layout-flow\">\n<h3 class=\"wp-block-heading has-black-color has-text-color\"><strong>CARACT\u00c9RISTIQUES PRINCIPALES DE SCEIDO<\/strong><\/h3>\n\n\n\n<ul class=\"wp-block-list\">\n<li class=\"has-medium-font-size\">Processus de cr\u00e9ation des annonces facile<\/li>\n\n\n\n<li class=\"has-medium-font-size\">Filtres et cat\u00e9gories pour une exp\u00e9rience d&#8217;achat personnalis\u00e9e<\/li>\n\n\n\n<li class=\"has-medium-font-size\">Des prix abordables et des options de paiement s\u00e9curis\u00e9es<\/li>\n\n\n\n<li class=\"has-medium-font-size\">Configuration simple et automatis\u00e9e du syst\u00e8me d&#8217;exp\u00e9dition<\/li>\n\n\n\n<li class=\"has-medium-font-size\">Protection des publicit\u00e9s et des transactions<\/li>\n\n\n\n<li class=\"has-medium-font-size\">Syst\u00e8mes de r\u00e9troaction pour la communication entre acheteurs et vendeurs<\/li>\n<\/ul>\n<\/div>\n\n\n\n<div class=\"wp-block-column is-vertically-aligned-center is-layout-flow wp-block-column-is-layout-flow\">\n<figure class=\"wp-block-image alignright size-full has-custom-border is-style-default\"><img data-recalc-dims=\"1\" loading=\"lazy\" decoding=\"async\" width=\"512\" height=\"512\" src=\"https:\/\/i0.wp.com\/sceidoperfume.com\/wp-content\/uploads\/2025\/09\/cropped-Sceido-Logo-1.png?resize=512%2C512&#038;ssl=1\" alt=\"\" class=\"wp-image-138\" style=\"border-radius:0px\" srcset=\"https:\/\/i0.wp.com\/sceidoperfume.com\/wp-content\/uploads\/2025\/09\/cropped-Sceido-Logo-1.png?w=512&amp;ssl=1 512w, https:\/\/i0.wp.com\/sceidoperfume.com\/wp-content\/uploads\/2025\/09\/cropped-Sceido-Logo-1.png?resize=300%2C300&amp;ssl=1 300w, https:\/\/i0.wp.com\/sceidoperfume.com\/wp-content\/uploads\/2025\/09\/cropped-Sceido-Logo-1.png?resize=150%2C150&amp;ssl=1 150w, https:\/\/i0.wp.com\/sceidoperfume.com\/wp-content\/uploads\/2025\/09\/cropped-Sceido-Logo-1.png?resize=450%2C450&amp;ssl=1 450w, https:\/\/i0.wp.com\/sceidoperfume.com\/wp-content\/uploads\/2025\/09\/cropped-Sceido-Logo-1.png?resize=100%2C100&amp;ssl=1 100w, https:\/\/i0.wp.com\/sceidoperfume.com\/wp-content\/uploads\/2025\/09\/cropped-Sceido-Logo-1.png?resize=270%2C270&amp;ssl=1 270w, https:\/\/i0.wp.com\/sceidoperfume.com\/wp-content\/uploads\/2025\/09\/cropped-Sceido-Logo-1.png?resize=192%2C192&amp;ssl=1 192w, https:\/\/i0.wp.com\/sceidoperfume.com\/wp-content\/uploads\/2025\/09\/cropped-Sceido-Logo-1.png?resize=180%2C180&amp;ssl=1 180w, https:\/\/i0.wp.com\/sceidoperfume.com\/wp-content\/uploads\/2025\/09\/cropped-Sceido-Logo-1.png?resize=32%2C32&amp;ssl=1 32w\" sizes=\"auto, (max-width: 512px) 100vw, 512px\" \/><\/figure>\n<\/div>\n<\/div>\n<\/div>\n\n<div class=\"wp-block-group alignwide is-layout-flow wp-block-group-is-layout-flow\">\n<h2 class=\"wp-block-heading has-huge-font-size\">\u00c9conomie circulaire<\/h2>\n\n\n\n<p>L&#8217;engagement mondial de Sceido est de dynamiser le march\u00e9 du parfum en encourageant les consommateurs \u00e0 privil\u00e9gier la seconde main.<br\/>Notre mod\u00e8le \u00e9conomique repose sur les principes de l&#8217;\u00e9conomie circulaire, fond\u00e9s sur l&#8217;ad\u00e9quation de l&#8217;offre et de la demande, dans un secteur \u2013 la parfumerie \u2013 en forte croissance, tant au niveau de la demande que du march\u00e9, et caract\u00e9ris\u00e9 par une recherche de produits rares, de niche et vintage, mais aussi par une production et des d\u00e9chets croissants. Mal utilis\u00e9s et mal conserv\u00e9s, les parfums peuvent se p\u00e9rimer et perdre leur qualit\u00e9 d&#8217;origine.<br\/>Acheter des parfums d&#8217;occasion ou neufs sur le march\u00e9 de la seconde main permet de r\u00e9duire les d\u00e9chets et leur impact environnemental, tout en stimulant le march\u00e9 gr\u00e2ce \u00e0 une meilleure harmonisation de l&#8217;offre et de la demande et \u00e0 un regain d&#8217;int\u00e9r\u00eat pour le secteur et ses produits.<br\/>Un autre aspect de l&#8217;\u00e9conomie circulaire de Sceido concerne le transport. Afin de r\u00e9duire l&#8217;impact environnemental du transport, Sceido propose l&#8217;utilisation d&#8217;emballages recycl\u00e9s et la r\u00e9utilisation d&#8217;emballages initialement \u00e0 usage unique.  <\/p>\n<\/div>\n","protected":false},"excerpt":{"rendered":"<p>Sceido est la premi\u00e8re plateforme europ\u00e9enne d\u00e9di\u00e9e aux parfums d&#8217;occasion. Sceido permet aux particuliers d&#8217;effectuer des transactions et de vendre des parfums d&#8217;occasion de mani\u00e8re s\u00fbre et pratique. Notre id\u00e9e Dans le march\u00e9 entre particuliers, Sceido offre une plateforme permettant d&#8217;acheter et de vendre directement des parfums personnels, \u00e9liminant ainsi les interm\u00e9diaires et garantissant des prix plus comp\u00e9titifs.La plateforme assure &#8230;<\/p>\n","protected":false},"author":204995318,"featured_media":0,"parent":0,"menu_order":0,"comment_status":"closed","ping_status":"closed","template":"","meta":{"_acf_changed":false,"advanced_seo_description":"","jetpack_seo_html_title":"","jetpack_seo_noindex":false,"footnotes":"","big_sky_generated":false},"class_list":["post-900","page","type-page","status-publish","hentry"],"acf":[],"jetpack_shortlink":"https:\/\/wp.me\/PgNyFT-ew","jetpack_sharing_enabled":true,"_links":{"self":[{"href":"https:\/\/sceidoperfume.com\/fr\/wp-json\/wp\/v2\/pages\/900","targetHints":{"allow":["GET"]}}],"collection":[{"href":"https:\/\/sceidoperfume.com\/fr\/wp-json\/wp\/v2\/pages"}],"about":[{"href":"https:\/\/sceidoperfume.com\/fr\/wp-json\/wp\/v2\/types\/page"}],"author":[{"embeddable":true,"href":"https:\/\/sceidoperfume.com\/fr\/wp-json\/wp\/v2\/users\/204995318"}],"replies":[{"embeddable":true,"href":"https:\/\/sceidoperfume.com\/fr\/wp-json\/wp\/v2\/comments?post=900"}],"version-history":[{"count":1,"href":"https:\/\/sceidoperfume.com\/fr\/wp-json\/wp\/v2\/pages\/900\/revisions"}],"predecessor-version":[{"id":901,"href":"https:\/\/sceidoperfume.com\/fr\/wp-json\/wp\/v2\/pages\/900\/revisions\/901"}],"wp:attachment":[{"href":"https:\/\/sceidoperfume.com\/fr\/wp-json\/wp\/v2\/media?parent=900"}],"curies":[{"name":"wp","href":"https:\/\/api.w.org\/{rel}","templated":true}]}}