{"id":892,"date":"2025-09-16T21:55:56","date_gmt":"2025-09-16T19:55:56","guid":{"rendered":"https:\/\/sceidoperfume.com\/couts-et-services-pro\/"},"modified":"2026-01-16T14:37:21","modified_gmt":"2026-01-16T13:37:21","slug":"couts-et-services-pro","status":"publish","type":"page","link":"https:\/\/sceidoperfume.com\/fr\/couts-et-services-pro\/","title":{"rendered":"Co\u00fbts et Services"},"content":{"rendered":"\n<div class=\"wp-block-group alignwide is-layout-constrained wp-block-group-is-layout-constrained\">\n<p class=\"has-medium-font-size\"><strong>CO\u00dbTS ET SERVICES <\/strong><\/p>\n\n\n\n<p>SCEIDO facture de faibles <strong>frais pour la gestion des ordres et le courtage<\/strong>, tant aux acheteurs qu&#8217;aux vendeurs.<\/p>\n<\/div>\n\n<div class=\"wp-block-group alignwide is-layout-constrained wp-block-group-is-layout-constrained\">\n<p> &#8212; &gt; <strong>POUR LES ACHETEURS<br\/><br\/>Des frais de courtage Sceido et des frais de protection des acheteurs sont appliqu\u00e9s \u00e0 chaque transaction effectu\u00e9e via le bouton \u00ab Acheter \u00bb.<br\/>Ces frais sont calcul\u00e9s comme suit :<br\/> <\/strong><\/p>\n\n\n\n<ul class=\"wp-block-list\">\n<li>Pour les commandes d&#8217;un prix inf\u00e9rieur \u00e0 100,00 \u20ac, les conditions suivantes s&#8217;appliquent :<br\/>\u2192 Un montant fixe de 1,00 \u20ac par transaction et 3 % du prix de l&#8217;article (TVA incluse).<br\/><\/li>\n\n\n\n<li>Pour les commandes d&#8217;un montant sup\u00e9rieur ou \u00e9gal \u00e0 100,00 \u20ac, les conditions suivantes s&#8217;appliquent :<br\/>\u2192 3 % du prix de l&#8217;article (TVA incluse).<\/li>\n<\/ul>\n\n\n\n<p>Les frais de courtage sont automatiquement ajout\u00e9s au prix de l&#8217;article dans votre panier avant le paiement, ainsi que les frais de livraison. <\/p>\n<\/div>\n\n<div class=\"wp-block-group alignwide is-layout-constrained wp-block-group-is-layout-constrained\">\n<p>&#8211;&gt; <strong>POUR LES VENDEURS<\/strong><br\/>La publication d&#8217;une annonce est gratuite pour les vendeurs.<br\/>Une fois le produit vendu, Sceido pr\u00e9l\u00e8ve <strong>2 % du prix<\/strong> de vente fix\u00e9 par le vendeur pour couvrir les frais de gestion et de courtage.<br\/>Le montant final, d\u00e9duction faite des frais de courtage, est vers\u00e9 au vendeur \u00e0 la fin du processus de vente. <\/p>\n<\/div>\n\n<hr class=\"wp-block-separator has-alpha-channel-opacity\"\/>\n","protected":false},"excerpt":{"rendered":"<p>CO\u00dbTS ET SERVICES SCEIDO facture de faibles frais pour la gestion des ordres et le courtage, tant aux acheteurs qu&#8217;aux vendeurs. &#8212; &gt; POUR LES ACHETEURS Des frais de courtage Sceido et des frais de protection des acheteurs sont appliqu\u00e9s \u00e0 chaque transaction effectu\u00e9e via le bouton \u00ab Acheter \u00bb.Ces frais sont calcul\u00e9s comme suit : Les frais de courtage &#8230;<\/p>\n","protected":false},"author":204995318,"featured_media":0,"parent":0,"menu_order":0,"comment_status":"closed","ping_status":"closed","template":"","meta":{"_acf_changed":false,"advanced_seo_description":"","jetpack_seo_html_title":"","jetpack_seo_noindex":false,"footnotes":"","big_sky_generated":false},"class_list":["post-892","page","type-page","status-publish","hentry"],"acf":[],"jetpack_shortlink":"https:\/\/wp.me\/PgNyFT-eo","jetpack_sharing_enabled":true,"_links":{"self":[{"href":"https:\/\/sceidoperfume.com\/fr\/wp-json\/wp\/v2\/pages\/892","targetHints":{"allow":["GET"]}}],"collection":[{"href":"https:\/\/sceidoperfume.com\/fr\/wp-json\/wp\/v2\/pages"}],"about":[{"href":"https:\/\/sceidoperfume.com\/fr\/wp-json\/wp\/v2\/types\/page"}],"author":[{"embeddable":true,"href":"https:\/\/sceidoperfume.com\/fr\/wp-json\/wp\/v2\/users\/204995318"}],"replies":[{"embeddable":true,"href":"https:\/\/sceidoperfume.com\/fr\/wp-json\/wp\/v2\/comments?post=892"}],"version-history":[{"count":3,"href":"https:\/\/sceidoperfume.com\/fr\/wp-json\/wp\/v2\/pages\/892\/revisions"}],"predecessor-version":[{"id":1521,"href":"https:\/\/sceidoperfume.com\/fr\/wp-json\/wp\/v2\/pages\/892\/revisions\/1521"}],"wp:attachment":[{"href":"https:\/\/sceidoperfume.com\/fr\/wp-json\/wp\/v2\/media?parent=892"}],"curies":[{"name":"wp","href":"https:\/\/api.w.org\/{rel}","templated":true}]}}