{"id":1698,"date":"2026-01-25T22:01:16","date_gmt":"2026-01-25T21:01:16","guid":{"rendered":"https:\/\/sceidoperfume.com\/commencez-a-vendre\/"},"modified":"2026-03-04T18:27:36","modified_gmt":"2026-03-04T17:27:36","slug":"commencez-a-vendre","status":"publish","type":"page","link":"https:\/\/sceidoperfume.com\/fr\/commencez-a-vendre\/","title":{"rendered":"Commencez \u00e0 vendre"},"content":{"rendered":"\n<div class=\"wp-block-group alignfull is-layout-constrained wp-block-group-is-layout-constrained\">\n<p class=\"has-medium-font-size\">Vous pouvez commencer \u00e0 vendre vos parfums d\u00e8s maintenant en pla\u00e7ant votre annonce sur la page d\u00e9di\u00e9e en cliquant ici<\/p>\n<\/div>\n\n\n\n<div class=\"wp-block-group alignwide is-layout-constrained wp-block-group-is-layout-constrained\">\n<div class=\"wp-block-buttons is-content-justification-center is-layout-flex wp-container-core-buttons-is-layout-a89b3969 wp-block-buttons-is-layout-flex\">\n<div class=\"wp-block-button has-custom-width wp-block-button__width-50\"><a class=\"wp-block-button__link wp-element-button\" href=\"https:\/\/sceidoperfume.com\/fr\/dashboard\/\"><strong>AJOUTEZ VOTRE ANNONCE<\/strong><\/a><\/div>\n<\/div>\n<\/div>\n\n\n\n<div class=\"wp-block-group alignfull is-layout-constrained wp-block-group-is-layout-constrained\">\n<div class=\"wp-block-columns is-layout-flex wp-container-core-columns-is-layout-28f84493 wp-block-columns-is-layout-flex\">\n<div class=\"wp-block-column is-layout-flow wp-block-column-is-layout-flow\">\n<figure class=\"wp-block-image size-medium is-resized\"><img data-recalc-dims=\"1\" loading=\"lazy\" decoding=\"async\" width=\"225\" height=\"300\" src=\"https:\/\/i0.wp.com\/sceidoperfume.com\/wp-content\/uploads\/2026\/03\/x.jpg?resize=225%2C300&#038;ssl=1\" alt=\"\" class=\"wp-image-1917\" style=\"aspect-ratio:0.7500089320804602;width:360px;height:auto\" srcset=\"https:\/\/i0.wp.com\/sceidoperfume.com\/wp-content\/uploads\/2026\/03\/x.jpg?resize=225%2C300&amp;ssl=1 225w, https:\/\/i0.wp.com\/sceidoperfume.com\/wp-content\/uploads\/2026\/03\/x.jpg?resize=600%2C800&amp;ssl=1 600w, https:\/\/i0.wp.com\/sceidoperfume.com\/wp-content\/uploads\/2026\/03\/x.jpg?resize=450%2C600&amp;ssl=1 450w, https:\/\/i0.wp.com\/sceidoperfume.com\/wp-content\/uploads\/2026\/03\/x.jpg?resize=300%2C400&amp;ssl=1 300w, https:\/\/i0.wp.com\/sceidoperfume.com\/wp-content\/uploads\/2026\/03\/x.jpg?resize=150%2C200&amp;ssl=1 150w, https:\/\/i0.wp.com\/sceidoperfume.com\/wp-content\/uploads\/2026\/03\/x.jpg?w=736&amp;ssl=1 736w\" sizes=\"auto, (max-width: 225px) 100vw, 225px\" \/><\/figure>\n<\/div>\n\n\n\n<div class=\"wp-block-column is-layout-flow wp-block-column-is-layout-flow\">\n<p class=\"has-medium-font-size\"><br>N&#8217;oubliez pas que pour commencer \u00e0 vendre ou \u00e0 acheter, vous devez avoir cr\u00e9\u00e9 un compte. <\/p>\n\n\n\n<p class=\"has-medium-font-size\">Nous vous recommandons de consulter d&#8217;abord les pages \u00ab <a href=\"https:\/\/sceidoperfume.com\/fr\/comment-fonctionne-sceido\/\" data-type=\"page\" data-id=\"175\">Comment fonctionne Sceido<\/a> \u00bb et \u00ab <a href=\"https:\/\/sceidoperfume.com\/fr\/comment-vendre-et-acheter-sur-sceido\/\" data-type=\"page\" data-id=\"92\">Comment acheter et vendre sur Sceido<\/a> \u00bb pour obtenir toutes les informations utiles.<br><\/p>\n\n\n\n<p class=\"has-medium-font-size\"><br>BONNE VENTE SUR SCEIDO!<\/p>\n<\/div>\n<\/div>\n<\/div>\n","protected":false},"excerpt":{"rendered":"<p>Vous pouvez commencer \u00e0 vendre vos parfums d\u00e8s maintenant en pla\u00e7ant votre annonce sur la page d\u00e9di\u00e9e en cliquant ici N&#8217;oubliez pas que pour commencer \u00e0 vendre ou \u00e0 acheter, vous devez avoir cr\u00e9\u00e9 un compte. Nous vous recommandons de consulter d&#8217;abord les pages \u00ab Comment fonctionne Sceido \u00bb et \u00ab Comment acheter et vendre sur Sceido \u00bb pour obtenir &#8230;<\/p>\n","protected":false},"author":204995318,"featured_media":0,"parent":0,"menu_order":0,"comment_status":"closed","ping_status":"closed","template":"","meta":{"_acf_changed":false,"advanced_seo_description":"","jetpack_seo_html_title":"","jetpack_seo_noindex":false,"footnotes":"","big_sky_generated":false},"class_list":["post-1698","page","type-page","status-publish","hentry"],"acf":[],"jetpack_shortlink":"https:\/\/wp.me\/PgNyFT-ro","jetpack_sharing_enabled":true,"_links":{"self":[{"href":"https:\/\/sceidoperfume.com\/fr\/wp-json\/wp\/v2\/pages\/1698","targetHints":{"allow":["GET"]}}],"collection":[{"href":"https:\/\/sceidoperfume.com\/fr\/wp-json\/wp\/v2\/pages"}],"about":[{"href":"https:\/\/sceidoperfume.com\/fr\/wp-json\/wp\/v2\/types\/page"}],"author":[{"embeddable":true,"href":"https:\/\/sceidoperfume.com\/fr\/wp-json\/wp\/v2\/users\/204995318"}],"replies":[{"embeddable":true,"href":"https:\/\/sceidoperfume.com\/fr\/wp-json\/wp\/v2\/comments?post=1698"}],"version-history":[{"count":4,"href":"https:\/\/sceidoperfume.com\/fr\/wp-json\/wp\/v2\/pages\/1698\/revisions"}],"predecessor-version":[{"id":1955,"href":"https:\/\/sceidoperfume.com\/fr\/wp-json\/wp\/v2\/pages\/1698\/revisions\/1955"}],"wp:attachment":[{"href":"https:\/\/sceidoperfume.com\/fr\/wp-json\/wp\/v2\/media?parent=1698"}],"curies":[{"name":"wp","href":"https:\/\/api.w.org\/{rel}","templated":true}]}}