{"id":1037,"date":"2025-09-09T22:28:36","date_gmt":"2025-09-09T20:28:36","guid":{"rendered":"https:\/\/sceidoperfume.com\/comment-vendre-et-acheter-sur-sceido\/conseils-et-recommandations\/"},"modified":"2025-12-15T11:32:35","modified_gmt":"2025-12-15T10:32:35","slug":"conseils-et-recommandations","status":"publish","type":"page","link":"https:\/\/sceidoperfume.com\/fr\/comment-vendre-et-acheter-sur-sceido\/conseils-et-recommandations\/","title":{"rendered":"Conseils et recommandations"},"content":{"rendered":"\n<div class=\"wp-block-group alignwide is-layout-constrained wp-block-group-is-layout-constrained\">\n<h3 class=\"wp-block-heading\"><strong>\u2b50 Conseils et recommandations pour une vente parfaite<\/strong><\/h3>\n\n\n\n<p>Bienvenue dans notre guide pratique pour vous aider \u00e0 cr\u00e9er des annonces efficaces, vendre en toute s\u00e9curit\u00e9, exp\u00e9dier vos parfums d&#8217;occasion sans tracas et conclure une bonne affaire. Suivre ces conseils renforcera la confiance des acheteurs et augmentera vos chances de conclure une vente rapidement. <\/p>\n<\/div>\n\n<div class=\"wp-block-group alignwide is-layout-constrained wp-block-group-is-layout-constrained\">\n<p><strong>\ud83d\udd39 1. COMMENT CR\u00c9ER UNE ANNONCE QUI ATTIRE L&#8217;ATTENTION<\/strong><br\/>&#8211;&gt; TITRE EFFICACE:<\/p>\n\n\n\n<ul class=\"wp-block-list\">\n<li>Veuillez pr\u00e9ciser la marque et le nom du parfum.<br\/><em>Ex. : \u00ab Chanel \u2013 Chance Eau Tendre (50 ml) \u2013 Excellent \u00e9tat \u00bb<\/em><\/li>\n\n\n\n<li>\u00c9viter les titres g\u00e9n\u00e9riques comme \u00ab Parfum \u00e0 vendre \u00bb.<\/li>\n<\/ul>\n\n\n\n<p>&#8211;&gt; DESCRIPTION CLAIRE ET TRANSPARENTE :<br\/>Inclure syst\u00e9matiquement :<\/p>\n\n\n\n<ul class=\"wp-block-list\">\n<li>\u00c9tat du produit : quantit\u00e9 restante, d\u00e9fauts d\u2019emballage \u00e9ventuels, ann\u00e9e d\u2019achat.<\/li>\n\n\n\n<li>Notes olfactives principales : utiles pour ceux qui ne connaissent pas le parfum.<\/li>\n\n\n\n<li>Motif de la vente (facultatif) : Instaurer la confiance.<\/li>\n<\/ul>\n\n\n\n<p>&#8211;&gt; INCLURE PLUS DE PHOTOS DE QUALIT\u00c9 :<\/p>\n\n\n\n<ul class=\"wp-block-list\">\n<li>Prenez des photos en bonne lumi\u00e8re naturelle et nettes.<\/li>\n\n\n\n<li>\u00c9vitez les filtres excessifs.<\/li>\n\n\n\n<li>Toujours afficher :\n<ul class=\"wp-block-list\">\n<li>Le niveau du liquide<\/li>\n\n\n\n<li>La bouteille sous plusieurs angles<\/li>\n\n\n\n<li>Bo\u00eete possible<\/li>\n\n\n\n<li>Codes ou num\u00e9ros de lot (si vous souhaitez renforcer la cr\u00e9dibilit\u00e9)<\/li>\n<\/ul>\n<\/li>\n<\/ul>\n\n\n\n<p>&#8211;&gt; PRIX COMP\u00c9TITIF :<\/p>\n\n\n\n<ul class=\"wp-block-list\">\n<li>Tenez compte de l&#8217;\u00e9tat, de la quantit\u00e9 restante et du prix du nouveau produit.<\/li>\n\n\n\n<li>Si vous souhaitez vendre rapidement, restez dans la fourchette de prix de d\u00e9tail.<\/li>\n<\/ul>\n\n\n\n<p><br\/><strong>\ud83d\udd39 2. COMMENT EMBALLER CORRECTEMENT UN PARFUM POUR L&#8217;EXP\u00c9DITION<\/strong><br\/><br\/><\/p>\n\n\n\n<p>Mat\u00e9riaux recommand\u00e9s :<br\/>&#8211; Papier bulle ou papier de protection \u00e9pais<br\/>&#8211; Une bo\u00eete (recycl\u00e9e, mais r\u00e9utilisable et r\u00e9sistante)<br\/>&#8211; Ruban adh\u00e9sif r\u00e9sistant<br\/>&#8211; Papier froiss\u00e9 ou autre mat\u00e9riau de rembourrage (le cas \u00e9ch\u00e9ant)<\/p>\n\n\n\n<p>Proc\u00e9dure:<\/p>\n\n\n\n<ol start=\"1\" class=\"wp-block-list\">\n<li>Fermez herm\u00e9tiquement la bouteille (si possible avec du film alimentaire ou un sac herm\u00e9tique pour \u00e9viter les fuites).<\/li>\n\n\n\n<li>Enveloppez le parfum dans plusieurs couches de papier bulle.<\/li>\n\n\n\n<li>Placez-le dans la bo\u00eete remplie pour \u00e9viter qu&#8217;il ne bouge.<\/li>\n\n\n\n<li>Fermez herm\u00e9tiquement la bo\u00eete et secouez-la l\u00e9g\u00e8rement : il ne doit y avoir aucun mouvement interne.<\/li>\n\n\n\n<li>Retirez toutes les \u00e9tiquettes d\u00e9j\u00e0 pr\u00e9sentes sur l&#8217;emballage.<\/li>\n\n\n\n<li>Imprimez et apposez l&#8217;\u00e9tiquette d&#8217;exp\u00e9dition correcte \u00e0 un endroit clairement visible.<\/li>\n<\/ol>\n\n\n\n<p><br\/><strong>\ud83d\udd39 3. COMMENT CONCLURE UNE VENTE S\u00c9CURIS\u00c9E <\/strong><\/p>\n\n\n\n<ul class=\"wp-block-list\">\n<li>Veuillez toujours respecter les proc\u00e9dures de paiement du site.<\/li>\n\n\n\n<li>N\u2019acceptez pas les paiements hors plateforme.<\/li>\n\n\n\n<li>Ne partagez pas de donn\u00e9es sensibles.<\/li>\n\n\n\n<li>Conservez les re\u00e7us et le num\u00e9ro de suivi jusqu&#8217;\u00e0 confirmation de la livraison.<\/li>\n\n\n\n<li>Pour les acheteurs : v\u00e9rifiez toujours attentivement le produit \u00e0 la livraison et signalez tout probl\u00e8me via notre formulaire du <a href=\"https:\/\/sceidoperfume.com\/fr\/centre-daide\/\" data-type=\"page\" data-id=\"95\">Centre d\u2019aide<\/a>.<\/li>\n<\/ul>\n\n\n\n<p><br\/><strong>\ud83d\udd39 4. CONSEILS POUR OBTENIR DES AVIS POSITIFS ET \u00caTRE UN VENDEUR FIABLE <\/strong><\/p>\n\n\n\n<ul class=\"wp-block-list\">\n<li>D\u00e9crivez toujours le produit avec pr\u00e9cision dans l&#8217;annonce.<\/li>\n\n\n\n<li>Exp\u00e9dition rapide.<\/li>\n\n\n\n<li>Emballez soigneusement.<\/li>\n\n\n\n<li>Ajoutez un petit mot de remerciement ou un petit cadeau : un petit geste qui fait toute la diff\u00e9rence.<\/li>\n\n\n\n<li>La gentillesse, la pr\u00e9cision, l&#8217;exactitude et la rapidit\u00e9 sont des qualit\u00e9s toujours appr\u00e9ci\u00e9es !<\/li>\n<\/ul>\n<\/div>\n\n<div class=\"wp-block-group alignwide is-layout-constrained wp-block-group-is-layout-constrained\">\n<p>Vous pouvez maintenant commencer ! <a href=\"https:\/\/sceidoperfume.com\/fr\/dashboard\/\">COMMENCEZ \u00c0 VENDRE<\/a><\/p>\n<\/div>\n","protected":false},"excerpt":{"rendered":"<p>\u2b50 Conseils et recommandations pour une vente parfaite Bienvenue dans notre guide pratique pour vous aider \u00e0 cr\u00e9er des annonces efficaces, vendre en toute s\u00e9curit\u00e9, exp\u00e9dier vos parfums d&#8217;occasion sans tracas et conclure une bonne affaire. Suivre ces conseils renforcera la confiance des acheteurs et augmentera vos chances de conclure une vente rapidement. \ud83d\udd39 1. COMMENT CR\u00c9ER UNE ANNONCE QUI &#8230;<\/p>\n","protected":false},"author":204995318,"featured_media":0,"parent":976,"menu_order":0,"comment_status":"closed","ping_status":"closed","template":"","meta":{"_acf_changed":false,"advanced_seo_description":"","jetpack_seo_html_title":"","jetpack_seo_noindex":false,"footnotes":"","big_sky_generated":false},"class_list":["post-1037","page","type-page","status-publish","hentry"],"acf":[],"jetpack_shortlink":"https:\/\/wp.me\/PgNyFT-gJ","jetpack_sharing_enabled":true,"_links":{"self":[{"href":"https:\/\/sceidoperfume.com\/fr\/wp-json\/wp\/v2\/pages\/1037","targetHints":{"allow":["GET"]}}],"collection":[{"href":"https:\/\/sceidoperfume.com\/fr\/wp-json\/wp\/v2\/pages"}],"about":[{"href":"https:\/\/sceidoperfume.com\/fr\/wp-json\/wp\/v2\/types\/page"}],"author":[{"embeddable":true,"href":"https:\/\/sceidoperfume.com\/fr\/wp-json\/wp\/v2\/users\/204995318"}],"replies":[{"embeddable":true,"href":"https:\/\/sceidoperfume.com\/fr\/wp-json\/wp\/v2\/comments?post=1037"}],"version-history":[{"count":1,"href":"https:\/\/sceidoperfume.com\/fr\/wp-json\/wp\/v2\/pages\/1037\/revisions"}],"predecessor-version":[{"id":1038,"href":"https:\/\/sceidoperfume.com\/fr\/wp-json\/wp\/v2\/pages\/1037\/revisions\/1038"}],"up":[{"embeddable":true,"href":"https:\/\/sceidoperfume.com\/fr\/wp-json\/wp\/v2\/pages\/976"}],"wp:attachment":[{"href":"https:\/\/sceidoperfume.com\/fr\/wp-json\/wp\/v2\/media?parent=1037"}],"curies":[{"name":"wp","href":"https:\/\/api.w.org\/{rel}","templated":true}]}}