{"id":1014,"date":"2025-09-16T22:25:00","date_gmt":"2025-09-16T20:25:00","guid":{"rendered":"https:\/\/sceidoperfume.com\/centre-daide\/"},"modified":"2026-02-04T21:49:08","modified_gmt":"2026-02-04T20:49:08","slug":"centre-daide","status":"publish","type":"page","link":"https:\/\/sceidoperfume.com\/fr\/centre-daide\/","title":{"rendered":"Centre d&#8217;aide"},"content":{"rendered":"\n<hr class=\"wp-block-separator has-alpha-channel-opacity\"\/>\n\n\n\n<div class=\"wp-block-group alignfull is-content-justification-center is-layout-constrained wp-block-group-is-layout-constrained\" style=\"margin-top:0;margin-bottom:0;padding-top:var(--wp--preset--spacing--40);padding-bottom:var(--wp--preset--spacing--40)\">\n<div class=\"wp-block-group is-vertical is-content-justification-left is-layout-flex wp-container-core-group-is-layout-dd225191 wp-block-group-is-layout-flex\">\n<h2 class=\"wp-block-heading alignwide has-text-align-left\" style=\"margin-top:0;margin-bottom:0\">Comment pouvons-nous vous aider ?<\/h2>\n\n\n\n<p class=\"has-text-align-left is-contact-description\">Nous sommes toujours \u00e0 votre \u00e9coute et disponibles pour r\u00e9pondre \u00e0 vos questions ou tenter de r\u00e9soudre vos probl\u00e8mes.<\/p>\n\n\n\n<h3 class=\"wp-block-heading\"><strong>Avez-vous une question \u00e0 nous poser ?<\/strong><\/h3>\n\n\n<div class=\"wp-block-jetpack-contact-form is-style-default is-layout-flex wp-container-jetpack-contact-form-is-layout-2b4208ba wp-block-jetpack-contact-form-is-layout-flex\"><a href=\"https:\/\/sceidoperfume.com\/fr\/centre-daide\/\" target=\"_blank\" rel=\"noopener noreferrer\">Soumettre un formulaire.<\/a><\/div><\/div>\n<\/div>\n\n\n\n<div class=\"wp-block-group alignfull is-layout-constrained wp-block-group-is-layout-constrained\">\n<hr class=\"wp-block-separator has-alpha-channel-opacity\"\/>\n\n\n\n<h3 class=\"wp-block-heading\"><strong>Souhaitez-vous nous signaler un probl\u00e8me ?<\/strong><\/h3>\n\n\n<div class=\"wp-block-jetpack-contact-form is-layout-flex wp-container-jetpack-contact-form-is-layout-2b4208ba wp-block-jetpack-contact-form-is-layout-flex\"><a href=\"https:\/\/sceidoperfume.com\/fr\/centre-daide\/\" target=\"_blank\" rel=\"noopener noreferrer\">Soumettre un formulaire.<\/a><\/div><\/div>\n","protected":false},"excerpt":{"rendered":"<p>Comment pouvons-nous vous aider ? Nous sommes toujours \u00e0 votre \u00e9coute et disponibles pour r\u00e9pondre \u00e0 vos questions ou tenter de r\u00e9soudre vos probl\u00e8mes. Avez-vous une question \u00e0 nous poser ? Souhaitez-vous nous signaler un probl\u00e8me ?<\/p>\n","protected":false},"author":204995318,"featured_media":0,"parent":0,"menu_order":0,"comment_status":"closed","ping_status":"closed","template":"","meta":{"_acf_changed":false,"advanced_seo_description":"","jetpack_seo_html_title":"","jetpack_seo_noindex":false,"footnotes":"","big_sky_generated":false},"class_list":["post-1014","page","type-page","status-publish","hentry"],"acf":[],"jetpack_shortlink":"https:\/\/wp.me\/PgNyFT-gm","jetpack_sharing_enabled":true,"_links":{"self":[{"href":"https:\/\/sceidoperfume.com\/fr\/wp-json\/wp\/v2\/pages\/1014","targetHints":{"allow":["GET"]}}],"collection":[{"href":"https:\/\/sceidoperfume.com\/fr\/wp-json\/wp\/v2\/pages"}],"about":[{"href":"https:\/\/sceidoperfume.com\/fr\/wp-json\/wp\/v2\/types\/page"}],"author":[{"embeddable":true,"href":"https:\/\/sceidoperfume.com\/fr\/wp-json\/wp\/v2\/users\/204995318"}],"replies":[{"embeddable":true,"href":"https:\/\/sceidoperfume.com\/fr\/wp-json\/wp\/v2\/comments?post=1014"}],"version-history":[{"count":5,"href":"https:\/\/sceidoperfume.com\/fr\/wp-json\/wp\/v2\/pages\/1014\/revisions"}],"predecessor-version":[{"id":1738,"href":"https:\/\/sceidoperfume.com\/fr\/wp-json\/wp\/v2\/pages\/1014\/revisions\/1738"}],"wp:attachment":[{"href":"https:\/\/sceidoperfume.com\/fr\/wp-json\/wp\/v2\/media?parent=1014"}],"curies":[{"name":"wp","href":"https:\/\/api.w.org\/{rel}","templated":true}]}}